{"id":2,"date":"2023-05-31T09:04:38","date_gmt":"2023-05-31T12:04:38","guid":{"rendered":"http:\/\/palkargentina.com\/?page_id=2"},"modified":"2023-05-31T10:35:24","modified_gmt":"2023-05-31T13:35:24","slug":"pagina-ejemplo","status":"publish","type":"page","link":"https:\/\/palkargentina.com\/","title":{"rendered":"Te est\u00e1bamos esperando!"},"content":{"rendered":"\n<p>PALK es una empresa de tecnolog\u00eda comprometida con la excelencia y la innovaci\u00f3n. Nuestro objetivo es ofrecer soluciones tecnol\u00f3gicas de vanguardia que impulsen el crecimiento y el \u00e9xito de nuestros clientes.<\/p>\n\n\n\n<p>En PALK, nos apasiona la tecnolog\u00eda y su capacidad para transformar la forma en que las empresas operan y las personas se conectan. Nuestro equipo de expertos altamente capacitados est\u00e1 constantemente investigando y desarrollando nuevas soluciones para mantenernos a la vanguardia de la industria.<\/p>\n\n\n\n<p>Ya sea que necesites consultor\u00eda tecnol\u00f3gica, hardware, software o servicios de arquitectura IT, estamos aqu\u00ed para ayudarte. Trabajaremos estrechamente contigo para comprender tus necesidades y ofrecerte soluciones personalizadas que impulsen tu \u00e9xito.<\/p>\n\n\n\n<p>Explora nuestro sitio web para conocer m\u00e1s sobre nuestros servicios y soluciones. \u00a1Estamos emocionados de comenzar a trabajar contigo y ayudarte a alcanzar tus objetivos tecnol\u00f3gicos!<\/p>\n","protected":false},"excerpt":{"rendered":"<p>PALK es una empresa de tecnolog\u00eda comprometida con la excelencia y la innovaci\u00f3n. Nuestro objetivo es ofrecer soluciones tecnol\u00f3gicas de vanguardia que impulsen el crecimiento y el \u00e9xito de nuestros clientes. En PALK, nos apasiona la tecnolog\u00eda y su capacidad para transformar la forma en que las empresas operan y las personas se conectan. Nuestro&#8230;<\/p>\n","protected":false},"author":1,"featured_media":0,"parent":0,"menu_order":0,"comment_status":"closed","ping_status":"open","template":"","meta":[],"_links":{"self":[{"href":"https:\/\/palkargentina.com\/index.php?rest_route=\/wp\/v2\/pages\/2"}],"collection":[{"href":"https:\/\/palkargentina.com\/index.php?rest_route=\/wp\/v2\/pages"}],"about":[{"href":"https:\/\/palkargentina.com\/index.php?rest_route=\/wp\/v2\/types\/page"}],"author":[{"embeddable":true,"href":"https:\/\/palkargentina.com\/index.php?rest_route=\/wp\/v2\/users\/1"}],"replies":[{"embeddable":true,"href":"https:\/\/palkargentina.com\/index.php?rest_route=%2Fwp%2Fv2%2Fcomments&post=2"}],"version-history":[{"count":1,"href":"https:\/\/palkargentina.com\/index.php?rest_route=\/wp\/v2\/pages\/2\/revisions"}],"predecessor-version":[{"id":12,"href":"https:\/\/palkargentina.com\/index.php?rest_route=\/wp\/v2\/pages\/2\/revisions\/12"}],"wp:attachment":[{"href":"https:\/\/palkargentina.com\/index.php?rest_route=%2Fwp%2Fv2%2Fmedia&parent=2"}],"curies":[{"name":"wp","href":"https:\/\/api.w.org\/{rel}","templated":true}]}}